{"id":17,"date":"2015-04-29T16:17:53","date_gmt":"2015-04-29T16:17:53","guid":{"rendered":"http:\/\/www.porqueteatro.com\/paulina\/?page_id=17"},"modified":"2015-05-05T19:34:23","modified_gmt":"2015-05-05T19:34:23","slug":"paulina-a-secas","status":"publish","type":"page","link":"http:\/\/www.porqueteatro.com\/paulina\/paulina-a-secas\/","title":{"rendered":"EL PSICODRAMA MUSICAL"},"content":{"rendered":"<p>&nbsp;<\/p>\n<!-- meta slider -->\n<div style=\"max-width: 750px;\" class=\"metaslider metaslider-coin metaslider-148 ml-slider\">\n    \n    <div id=\"metaslider_container_148\">\n        <div id='metaslider_148' class='coin-slider'>\n<a href=\"javascript:void(0)\"><img src=\"http:\/\/www.porqueteatro.com\/paulina\/wp-content\/uploads\/2015\/05\/paulina-a-secas-15-750x320.jpg\" height=\"320\" width=\"750\" alt=\"\" class=\"slider-148 slide-151\" style=\"display: none;\" \/><\/a>\n<a href=\"javascript:void(0)\"><img src=\"http:\/\/www.porqueteatro.com\/paulina\/wp-content\/uploads\/2015\/05\/paulina-a-secas-10-750x320.jpg\" height=\"320\" width=\"750\" alt=\"\" class=\"slider-148 slide-149\" style=\"display: none;\" \/><\/a>\n<a href=\"javascript:void(0)\"><img src=\"http:\/\/www.porqueteatro.com\/paulina\/wp-content\/uploads\/2015\/05\/paulina-a-secas-31-750x320.jpg\" height=\"320\" width=\"750\" alt=\"\" class=\"slider-148 slide-152\" style=\"display: none;\" \/><\/a>\n<a href=\"javascript:void(0)\"><img src=\"http:\/\/www.porqueteatro.com\/paulina\/wp-content\/uploads\/2015\/05\/paulina-a-secas-14-750x320.jpg\" height=\"320\" width=\"750\" alt=\"\" class=\"slider-148 slide-150\" style=\"display: none;\" \/><\/a>\n<a href=\"javascript:void(0)\"><img src=\"http:\/\/www.porqueteatro.com\/paulina\/wp-content\/uploads\/2015\/05\/paulina-a-secas-38-750x320.jpg\" height=\"320\" width=\"750\" alt=\"\" class=\"slider-148 slide-153\" style=\"display: none;\" \/><\/a>\n<a href=\"javascript:void(0)\"><img src=\"http:\/\/www.porqueteatro.com\/paulina\/wp-content\/uploads\/2015\/05\/paulina-a-secas-52-750x320.jpg\" height=\"320\" width=\"750\" alt=\"\" class=\"slider-148 slide-154\" style=\"display: none;\" \/><\/a>\n<a href=\"javascript:void(0)\"><img src=\"http:\/\/www.porqueteatro.com\/paulina\/wp-content\/uploads\/2015\/05\/paulina-a-secas-55-750x320.jpg\" height=\"320\" width=\"750\" alt=\"\" class=\"slider-148 slide-155\" style=\"display: none;\" \/><\/a>\n        <\/div>\n        \n    <\/div>\n    <script type=\"text\/javascript\">\n        var metaslider_148 = function($) {\n            $('#metaslider_148').coinslider({ \n                width:750,\n                height:320,\n                spw:7,\n                sph:5,\n                delay:3000,\n                sDelay:30,\n                opacity:\"0\",\n                titleSpeed:500,\n                animation:\"random\",\n                showNavigationButtons:true,\n                showNavigationPrevNext:true,\n                hoverPause:true,\n                prevText:\"&lt;\",\n                nextText:\"&gt;\"\n            });\n        };\n        var timer_metaslider_148 = function() {\n            var slider = !window.jQuery ? window.setTimeout(timer_metaslider_148, 100) : !jQuery.isReady ? window.setTimeout(timer_metaslider_148, 1) : metaslider_148(window.jQuery);\n        };\n        timer_metaslider_148();\n    <\/script>\n<\/div>\n<!--\/\/ meta slider-->\n<p>&nbsp;<\/p>\n<p>El Psicodrama Paulina A Secas es una historia que se gesta pasando por diferentes y variadas etapas de creaci\u00f3n. La estructura de la obra se materializa incorporando los diferentes momentos vivenciados por el propio personaje a lo largo de dos a\u00f1os de proceso.<\/p>\n<p>Esta pieza empieza a respirar all\u00e1 por el a\u00f1o 2012, cuando lo primero que creamos es el personaje de Paulina. \u00c9ste ha recorrido diferentes momentos de improvisaci\u00f3n y repentizaci\u00f3n creando un abanico de situaciones y poni\u00e9ndolas a prueba siempre delante de p\u00fablico. Sketches, momentos c\u00f3micos, humor-amor absurdo, van componiendo una partitura de personaje de una manera natural y subconsciente, trabajando siempre desde el escenario. Despu\u00e9s de esta andadura vemos como el personaje es reconocido, querido y atrayente y es entonces cuando decidimos incorporarlo a una estructura dram\u00e1tica m\u00e1s fija para ver c\u00f3mo funciona.<\/p>\n<p>As\u00ed, recopilamos todo el material para ver sus momentos m\u00e1s creativos y creamos una secuencia de cuadros en funci\u00f3n del trabajo que ya se hab\u00eda realizado a partir de la improvisaci\u00f3n y a esto le incorporamos t\u00e9cnicas c\u00f3micas cl\u00e1sicas y otros recursos m\u00e1s propios del teatro como el mon\u00f3logo.<\/p>\n<p>Habiendo creado una m\u00e1scara, decidimos adentrarnos en las entra\u00f1as del personaje desde otro punto de vista m\u00e1s interno y psicol\u00f3gico, es aqu\u00ed cuando nos presentamos a la II Convocatoria de Residencias Art\u00edsticas CICUS, con el objetivo de desenmascarar la m\u00e1scara, trabajado con otras t\u00e9cnicas propias del teatro m\u00e1s realista, bidimensionamos al personaje y comenzamos a descubrir su pasado, su psique.<\/p>\n<p>Una vez desarrollado este proceso unimos los dos caminos llevados a cabo durante este tiempo y estructuramos al personaje ya con un volumen m\u00e1s claro, PASADO Y PRESENTE. Y as\u00ed construimos una ser\u00ede de cuadros, enriquecidos con la t\u00e9cnica de la improvisaci\u00f3n y tambi\u00e9n del clown y la m\u00fasica.<\/p>\n<p>Llegado este momento, decidimos introducir un tercer elemento: M\u00daSICA: BIG BAND A SECAS como parte fundamental del proceso del Psicodrama que completa las tres vertientes ya mencionadas anteriormente: PSICO-DRAMA-MUSICAL.<\/p>\n<p>As\u00ed creamos este g\u00e9nero que terminamos de bocetar en la residencia para presentar un concierto po\u00e9tico teatralizado d\u00f3nde un peculiar personaje, Paulina A Secas, realiza una terapia colectiva a trav\u00e9s de la narraci\u00f3n de su propia vida. Es curioso, el personaje cuenta sus vivencias como personaje en estos dos a\u00f1os de creaci\u00f3n, tambi\u00e9n podr\u00edamos hacer alusi\u00f3n aqu\u00ed al METATEATRO: como algo surgido de manera espont\u00e1nea dentro del propio proceso.<\/p>\n<p>El resultado es un concierto teatralizado interactivo donde el p\u00fablico juega un papel importante durante las representaciones. Recursos como las artes pl\u00e1sticas, el sonido y la perfo-poes\u00eda est\u00e1n en continua evoluci\u00f3n, siempre vivos, SIEMPRE PRESENTE.<\/p>\n","protected":false},"excerpt":{"rendered":"<p>&nbsp; &nbsp; El Psicodrama Paulina A Secas es una historia que se gesta pasando por diferentes y variadas etapas de creaci\u00f3n. La estructura de la obra se materializa incorporando los diferentes momentos vivenciados por el propio personaje a lo largo de dos a\u00f1os de proceso. Esta pieza empieza a respirar all\u00e1 por el a\u00f1o 2012, [&hellip;]<\/p>\n","protected":false},"author":1,"featured_media":0,"parent":0,"menu_order":0,"comment_status":"closed","ping_status":"closed","template":"","meta":[],"_links":{"self":[{"href":"http:\/\/www.porqueteatro.com\/paulina\/wp-json\/wp\/v2\/pages\/17"}],"collection":[{"href":"http:\/\/www.porqueteatro.com\/paulina\/wp-json\/wp\/v2\/pages"}],"about":[{"href":"http:\/\/www.porqueteatro.com\/paulina\/wp-json\/wp\/v2\/types\/page"}],"author":[{"embeddable":true,"href":"http:\/\/www.porqueteatro.com\/paulina\/wp-json\/wp\/v2\/users\/1"}],"replies":[{"embeddable":true,"href":"http:\/\/www.porqueteatro.com\/paulina\/wp-json\/wp\/v2\/comments?post=17"}],"version-history":[{"count":16,"href":"http:\/\/www.porqueteatro.com\/paulina\/wp-json\/wp\/v2\/pages\/17\/revisions"}],"predecessor-version":[{"id":156,"href":"http:\/\/www.porqueteatro.com\/paulina\/wp-json\/wp\/v2\/pages\/17\/revisions\/156"}],"wp:attachment":[{"href":"http:\/\/www.porqueteatro.com\/paulina\/wp-json\/wp\/v2\/media?parent=17"}],"curies":[{"name":"wp","href":"https:\/\/api.w.org\/{rel}","templated":true}]}}