{"id":100,"date":"2015-04-30T09:13:25","date_gmt":"2015-04-30T09:13:25","guid":{"rendered":"http:\/\/www.porqueteatro.com\/paulina\/?page_id=100"},"modified":"2015-04-30T09:31:00","modified_gmt":"2015-04-30T09:31:00","slug":"rider-tecnico","status":"publish","type":"page","link":"http:\/\/www.porqueteatro.com\/paulina\/rider-tecnico\/","title":{"rendered":"rider t\u00e9cnico"},"content":{"rendered":"<h6>ATENCI\u00d3N:<br \/>\nCualquier adaptaci\u00f3n t\u00e9cnica y espacial es posible,<br \/>\nprevio acuerdo con la compa\u00f1\u00eda y su t\u00e9cnico.<\/h6>\n<p>&nbsp;<\/p>\n<h5>ESCENARIO, ESCENOGRAF\u00cdA Y MAQUINARIA<\/h5>\n<p>\n<strong>Dimensiones m\u00ednimas del espacio esc\u00e9nico<\/strong>: 6 x 7 metros<\/p>\n<p><strong>Altura m\u00ednima de varas<\/strong>: 4, 5 metros<\/p>\n<p><strong>C\u00e1mara negra a la italiana <\/strong>(posibilidad de cambio de afore seg\u00fan caracter\u00edsticas del espacio<\/p>\n<p><strong>Elementos esc\u00e9nicos necesarios<\/strong>:<\/p>\n<p>&#8211; 2 sillas<\/p>\n<p>&#8211; 1 escalera de tijera como elemento esc\u00e9nico<\/p>\n<p><strong>Otros elementos (compa\u00f1\u00eda)<\/strong>:<\/p>\n<p>&#8211; 2 tiras de lin\u00f3leo rojo de 2 x 5 m colocadas en forma de T<\/p>\n<p><strong>Elementos en varas<\/strong>:<br \/>\n&#8211; 1 bola de espejos con poleas<br \/>\n&#8211; 1 pancarta<br \/>\n&#8211; 1 flotador- perchero<br \/>\n&#8211; Banderillas de colores<\/p>\n<p><strong>No se precisa personal t\u00e9cnico para movimiento de maquinaria durante la representaci\u00f3n<\/strong><\/p>\n<h5>ILUMINACI\u00d3N<\/h5>\n<p>\n&#8211; Mesa programable con posibilidad de grabaci\u00f3n, preferible LT o ETC<br \/>\n&#8211; 36 canales de dimmer\/mesa, 2 Kw por canal<\/p>\n<p>&#8211; 3 varas electrificadas dentro de escenario<br \/>\n&#8211; 1 vara electrificada exterior frontal<\/p>\n<p>&#8211; 8 peanas de suelo<\/p>\n<p>&#8211; 9 recortes 25-50\u00ba 1 kw<br \/>\n&#8211; 14 PCs 1 Kw<br \/>\n&#8211; 4 PAR 64 CP 61<br \/>\n&#8211; 12 PAR 64 CP 62<br \/>\n&#8211; 2 PAR 36<br \/>\n&#8211; 1 tira de luz de 4 m (compa\u00f1\u00eda)<\/p>\n<p>&#8211; Portafiltros para todos los aparatos<br \/>\n&#8211; Viseras para todos los PCs<br \/>\n&#8211; 1 iris<\/p>\n<p><strong>Necesidad de regulaci\u00f3n de luz de p\u00fablico (si no estuviera regulada, se montar\u00e1n focos a tal efecto)<\/strong><\/p>\n<h5>SONIDO<\/h5>\n<p>\n&#8211; 1 Micr\u00f3fono inal\u00e1mbrico \/ Compresor \/ Rever delay<br \/>\n&#8211; 2 Micr\u00f3fonos coros \/ rever<br \/>\n&#8211; Micr\u00f3fono guitarra<br \/>\n&#8211; D.I mac L<br \/>\n&#8211; D.I mac R<br \/>\n&#8211; D.I Bass<br \/>\n&#8211; Mic Bass (Aporta la compa\u00f1\u00eda)<\/p>\n<p><strong>Importante<\/strong>: el control de luz y sonido deben estar juntos en zona no cerrada ni acristalada.<\/p>\n<h5>PERSONAL T\u00c9CNICO NECESARIO<\/h5>\n<p>\n2 t\u00e9cnicos de iluminaci\u00f3n durante el montaje, 1 en funci\u00f3n<br \/>\n1 t\u00e9cnico de sonido durante el montaje y funci\u00f3n<br \/>\n1 maquinista durante el montaje y desmontaje<\/p>\n<h5>TIEMPOS<\/h5>\n<p>\n&#8211; TIEMPO DE MONTAJE: 8 Horas<br \/>\n&#8211; TIEMPO DESMONTAJE: 30 min<br \/>\n&#8211; DURACI\u00d3N ESPECT\u00c1CULO: 75 minutos<\/p>\n<h5>CAMERINOS<\/h5>\n<p>\n&#8211; 1 \u00f3 2 camerinos para 3 personas en total<\/p>\n<p>&#8211; Agua para la compa\u00f1\u00eda durante el montaje y funci\u00f3n<\/p>\n<h5>CONTACTO<\/h5>\n<p>\n&#8211; CARMEN MORI (t\u00e9cnico) \u00b7 cmoriprendes@gmail.com \u00b7 696 377 743<br \/>\n&#8211; M\u00baJOS\u00c9 CASTA\u00d1EDA (compa\u00f1\u00eda) \u00b7 teatrodelgallinero@porqueteatro.com \u00b7 600230277<br \/>\n&#8211; JORGE DUBARRY (compa\u00f1\u00eda) \u00b7 porqueteatro@porqueteatro.com \u00b7 625 381 523<\/p>\n","protected":false},"excerpt":{"rendered":"<p>ATENCI\u00d3N: Cualquier adaptaci\u00f3n t\u00e9cnica y espacial es posible, previo acuerdo con la compa\u00f1\u00eda y su t\u00e9cnico. &nbsp; ESCENARIO, ESCENOGRAF\u00cdA Y MAQUINARIA Dimensiones m\u00ednimas del espacio esc\u00e9nico: 6 x 7 metros Altura m\u00ednima de varas: 4, 5 metros C\u00e1mara negra a la italiana (posibilidad de cambio de afore seg\u00fan caracter\u00edsticas del espacio Elementos esc\u00e9nicos necesarios: &#8211; [&hellip;]<\/p>\n","protected":false},"author":1,"featured_media":0,"parent":0,"menu_order":0,"comment_status":"closed","ping_status":"closed","template":"","meta":[],"_links":{"self":[{"href":"http:\/\/www.porqueteatro.com\/paulina\/wp-json\/wp\/v2\/pages\/100"}],"collection":[{"href":"http:\/\/www.porqueteatro.com\/paulina\/wp-json\/wp\/v2\/pages"}],"about":[{"href":"http:\/\/www.porqueteatro.com\/paulina\/wp-json\/wp\/v2\/types\/page"}],"author":[{"embeddable":true,"href":"http:\/\/www.porqueteatro.com\/paulina\/wp-json\/wp\/v2\/users\/1"}],"replies":[{"embeddable":true,"href":"http:\/\/www.porqueteatro.com\/paulina\/wp-json\/wp\/v2\/comments?post=100"}],"version-history":[{"count":8,"href":"http:\/\/www.porqueteatro.com\/paulina\/wp-json\/wp\/v2\/pages\/100\/revisions"}],"predecessor-version":[{"id":109,"href":"http:\/\/www.porqueteatro.com\/paulina\/wp-json\/wp\/v2\/pages\/100\/revisions\/109"}],"wp:attachment":[{"href":"http:\/\/www.porqueteatro.com\/paulina\/wp-json\/wp\/v2\/media?parent=100"}],"curies":[{"name":"wp","href":"https:\/\/api.w.org\/{rel}","templated":true}]}}